{"id":1296,"date":"2023-07-09T23:46:42","date_gmt":"2023-07-09T23:46:42","guid":{"rendered":"http:\/\/localhost:8888\/casasdalevada.com\/nature\/sustainable\/"},"modified":"2023-11-07T08:32:13","modified_gmt":"2023-11-07T08:32:13","slug":"sustainable-nature","status":"publish","type":"page","link":"https:\/\/casasdalevada.com\/en\/nature\/sustainable-nature\/","title":{"rendered":"Sustainable Nature"},"content":{"rendered":"","protected":false},"excerpt":{"rendered":"","protected":false},"author":1,"featured_media":0,"parent":1291,"menu_order":0,"comment_status":"closed","ping_status":"closed","template":"page-template-natureza-sustentavel.php","meta":{"_themeisle_gutenberg_block_has_review":false,"footnotes":""},"class_list":["post-1296","page","type-page","status-publish","hentry"],"yoast_head":"<!-- This site is optimized with the Yoast SEO plugin v27.2 - https:\/\/yoast.com\/product\/yoast-seo-wordpress\/ -->\n<title>Sustainable Nature - Casas da Levada - Madeira Island - Traditional and charming accommodation<\/title>\n<meta name=\"robots\" content=\"index, follow, max-snippet:-1, max-image-preview:large, max-video-preview:-1\" \/>\n<link rel=\"canonical\" href=\"https:\/\/casasdalevada.com\/en\/nature\/sustainable-nature\/\" \/>\n<meta property=\"og:locale\" content=\"en_US\" \/>\n<meta property=\"og:type\" content=\"article\" \/>\n<meta property=\"og:title\" content=\"Sustainable Nature - Casas da Levada - Madeira Island - Traditional and charming accommodation\" \/>\n<meta property=\"og:url\" content=\"https:\/\/casasdalevada.com\/en\/nature\/sustainable-nature\/\" \/>\n<meta property=\"og:site_name\" content=\"Casas da Levada - Madeira Island - Traditional and charming accommodation\" \/>\n<meta property=\"article:publisher\" content=\"https:\/\/www.facebook.com\/casasdalevada\/\" \/>\n<meta property=\"article:modified_time\" content=\"2023-11-07T08:32:13+00:00\" \/>\n<meta property=\"og:image\" content=\"https:\/\/casasdalevada.com\/wp-content\/uploads\/2023\/11\/banner-seo.png\" \/>\n\t<meta property=\"og:image:width\" content=\"1220\" \/>\n\t<meta property=\"og:image:height\" content=\"675\" \/>\n\t<meta property=\"og:image:type\" content=\"image\/png\" \/>\n<meta name=\"twitter:card\" content=\"summary_large_image\" \/>\n<meta name=\"twitter:site\" content=\"@casasdalevada\" \/>\n<script type=\"application\/ld+json\" class=\"yoast-schema-graph\">{\"@context\":\"https:\/\/schema.org\",\"@graph\":[{\"@type\":\"WebPage\",\"@id\":\"https:\/\/casasdalevada.com\/en\/nature\/sustainable-nature\/\",\"url\":\"https:\/\/casasdalevada.com\/en\/nature\/sustainable-nature\/\",\"name\":\"Sustainable Nature - Casas da Levada - Madeira Island - Traditional and charming accommodation\",\"isPartOf\":{\"@id\":\"https:\/\/casasdalevada.com\/en\/#website\"},\"datePublished\":\"2023-07-09T23:46:42+00:00\",\"dateModified\":\"2023-11-07T08:32:13+00:00\",\"breadcrumb\":{\"@id\":\"https:\/\/casasdalevada.com\/en\/nature\/sustainable-nature\/#breadcrumb\"},\"inLanguage\":\"en-US\",\"potentialAction\":[{\"@type\":\"ReadAction\",\"target\":[\"https:\/\/casasdalevada.com\/en\/nature\/sustainable-nature\/\"]}]},{\"@type\":\"BreadcrumbList\",\"@id\":\"https:\/\/casasdalevada.com\/en\/nature\/sustainable-nature\/#breadcrumb\",\"itemListElement\":[{\"@type\":\"ListItem\",\"position\":1,\"name\":\"In\u00edcio\",\"item\":\"https:\/\/casasdalevada.com\/en\/\"},{\"@type\":\"ListItem\",\"position\":2,\"name\":\"Nature\",\"item\":\"https:\/\/casasdalevada.com\/en\/nature\/\"},{\"@type\":\"ListItem\",\"position\":3,\"name\":\"Sustainable Nature\"}]},{\"@type\":\"WebSite\",\"@id\":\"https:\/\/casasdalevada.com\/en\/#website\",\"url\":\"https:\/\/casasdalevada.com\/en\/\",\"name\":\"Casas da Levada - Ilha da Madeira - F\u00e9rias em alojamento de Tradi\u00e7\u00e3o e Charme\",\"description\":\"Casas da Levada is a picturesque Agritourism Farm, with 6 houses for Bed &amp; Breakfast accommodation, located on the island of Madeira, Ponta do Pargo. The charming houses with sea views are located among the magic of the Laurissilva nature and the levadas, with easy access to trails and walks. Surrounded by large gardens, swimming pool, animals and organic vegetable gardens, it offers unique experiences and moments of tranquility and leisure, aimed at all nature lovers.\",\"publisher\":{\"@id\":\"https:\/\/casasdalevada.com\/en\/#organization\"},\"alternateName\":\"Casas da Levada - Espa\u00e7os de Tradi\u00e7\u00e3o e Charme\",\"potentialAction\":[{\"@type\":\"SearchAction\",\"target\":{\"@type\":\"EntryPoint\",\"urlTemplate\":\"https:\/\/casasdalevada.com\/en\/?s={search_term_string}\"},\"query-input\":{\"@type\":\"PropertyValueSpecification\",\"valueRequired\":true,\"valueName\":\"search_term_string\"}}],\"inLanguage\":\"en-US\"},{\"@type\":\"Organization\",\"@id\":\"https:\/\/casasdalevada.com\/en\/#organization\",\"name\":\"Casas da Levada\",\"url\":\"https:\/\/casasdalevada.com\/en\/\",\"logo\":{\"@type\":\"ImageObject\",\"inLanguage\":\"en-US\",\"@id\":\"https:\/\/casasdalevada.com\/en\/#\/schema\/logo\/image\/\",\"url\":\"https:\/\/casasdalevada.com\/wp-content\/uploads\/2023\/07\/1Asset-2.png\",\"contentUrl\":\"https:\/\/casasdalevada.com\/wp-content\/uploads\/2023\/07\/1Asset-2.png\",\"width\":1290,\"height\":1857,\"caption\":\"Casas da Levada\"},\"image\":{\"@id\":\"https:\/\/casasdalevada.com\/en\/#\/schema\/logo\/image\/\"},\"sameAs\":[\"https:\/\/www.facebook.com\/casasdalevada\/\",\"https:\/\/x.com\/casasdalevada\",\"https:\/\/www.instagram.com\/casasdalevada\/\"]}]}<\/script>\n<!-- \/ Yoast SEO plugin. -->","yoast_head_json":{"title":"Sustainable Nature - Casas da Levada - Madeira Island - Traditional and charming accommodation","robots":{"index":"index","follow":"follow","max-snippet":"max-snippet:-1","max-image-preview":"max-image-preview:large","max-video-preview":"max-video-preview:-1"},"canonical":"https:\/\/casasdalevada.com\/en\/nature\/sustainable-nature\/","og_locale":"en_US","og_type":"article","og_title":"Sustainable Nature - Casas da Levada - Madeira Island - Traditional and charming accommodation","og_url":"https:\/\/casasdalevada.com\/en\/nature\/sustainable-nature\/","og_site_name":"Casas da Levada - Madeira Island - Traditional and charming accommodation","article_publisher":"https:\/\/www.facebook.com\/casasdalevada\/","article_modified_time":"2023-11-07T08:32:13+00:00","og_image":[{"width":1220,"height":675,"url":"https:\/\/casasdalevada.com\/wp-content\/uploads\/2023\/11\/banner-seo.png","type":"image\/png"}],"twitter_card":"summary_large_image","twitter_site":"@casasdalevada","schema":{"@context":"https:\/\/schema.org","@graph":[{"@type":"WebPage","@id":"https:\/\/casasdalevada.com\/en\/nature\/sustainable-nature\/","url":"https:\/\/casasdalevada.com\/en\/nature\/sustainable-nature\/","name":"Sustainable Nature - Casas da Levada - Madeira Island - Traditional and charming accommodation","isPartOf":{"@id":"https:\/\/casasdalevada.com\/en\/#website"},"datePublished":"2023-07-09T23:46:42+00:00","dateModified":"2023-11-07T08:32:13+00:00","breadcrumb":{"@id":"https:\/\/casasdalevada.com\/en\/nature\/sustainable-nature\/#breadcrumb"},"inLanguage":"en-US","potentialAction":[{"@type":"ReadAction","target":["https:\/\/casasdalevada.com\/en\/nature\/sustainable-nature\/"]}]},{"@type":"BreadcrumbList","@id":"https:\/\/casasdalevada.com\/en\/nature\/sustainable-nature\/#breadcrumb","itemListElement":[{"@type":"ListItem","position":1,"name":"In\u00edcio","item":"https:\/\/casasdalevada.com\/en\/"},{"@type":"ListItem","position":2,"name":"Nature","item":"https:\/\/casasdalevada.com\/en\/nature\/"},{"@type":"ListItem","position":3,"name":"Sustainable Nature"}]},{"@type":"WebSite","@id":"https:\/\/casasdalevada.com\/en\/#website","url":"https:\/\/casasdalevada.com\/en\/","name":"Casas da Levada - Ilha da Madeira - F\u00e9rias em alojamento de Tradi\u00e7\u00e3o e Charme","description":"Casas da Levada is a picturesque Agritourism Farm, with 6 houses for Bed &amp; Breakfast accommodation, located on the island of Madeira, Ponta do Pargo. The charming houses with sea views are located among the magic of the Laurissilva nature and the levadas, with easy access to trails and walks. Surrounded by large gardens, swimming pool, animals and organic vegetable gardens, it offers unique experiences and moments of tranquility and leisure, aimed at all nature lovers.","publisher":{"@id":"https:\/\/casasdalevada.com\/en\/#organization"},"alternateName":"Casas da Levada - Espa\u00e7os de Tradi\u00e7\u00e3o e Charme","potentialAction":[{"@type":"SearchAction","target":{"@type":"EntryPoint","urlTemplate":"https:\/\/casasdalevada.com\/en\/?s={search_term_string}"},"query-input":{"@type":"PropertyValueSpecification","valueRequired":true,"valueName":"search_term_string"}}],"inLanguage":"en-US"},{"@type":"Organization","@id":"https:\/\/casasdalevada.com\/en\/#organization","name":"Casas da Levada","url":"https:\/\/casasdalevada.com\/en\/","logo":{"@type":"ImageObject","inLanguage":"en-US","@id":"https:\/\/casasdalevada.com\/en\/#\/schema\/logo\/image\/","url":"https:\/\/casasdalevada.com\/wp-content\/uploads\/2023\/07\/1Asset-2.png","contentUrl":"https:\/\/casasdalevada.com\/wp-content\/uploads\/2023\/07\/1Asset-2.png","width":1290,"height":1857,"caption":"Casas da Levada"},"image":{"@id":"https:\/\/casasdalevada.com\/en\/#\/schema\/logo\/image\/"},"sameAs":["https:\/\/www.facebook.com\/casasdalevada\/","https:\/\/x.com\/casasdalevada","https:\/\/www.instagram.com\/casasdalevada\/"]}]}},"_links":{"self":[{"href":"https:\/\/casasdalevada.com\/en\/wp-json\/wp\/v2\/pages\/1296","targetHints":{"allow":["GET"]}}],"collection":[{"href":"https:\/\/casasdalevada.com\/en\/wp-json\/wp\/v2\/pages"}],"about":[{"href":"https:\/\/casasdalevada.com\/en\/wp-json\/wp\/v2\/types\/page"}],"author":[{"embeddable":true,"href":"https:\/\/casasdalevada.com\/en\/wp-json\/wp\/v2\/users\/1"}],"replies":[{"embeddable":true,"href":"https:\/\/casasdalevada.com\/en\/wp-json\/wp\/v2\/comments?post=1296"}],"version-history":[{"count":1,"href":"https:\/\/casasdalevada.com\/en\/wp-json\/wp\/v2\/pages\/1296\/revisions"}],"predecessor-version":[{"id":1316,"href":"https:\/\/casasdalevada.com\/en\/wp-json\/wp\/v2\/pages\/1296\/revisions\/1316"}],"up":[{"embeddable":true,"href":"https:\/\/casasdalevada.com\/en\/wp-json\/wp\/v2\/pages\/1291"}],"wp:attachment":[{"href":"https:\/\/casasdalevada.com\/en\/wp-json\/wp\/v2\/media?parent=1296"}],"curies":[{"name":"wp","href":"https:\/\/api.w.org\/{rel}","templated":true}]}}